{"id":2275,"date":"2026-01-27T22:09:18","date_gmt":"2026-01-27T21:09:18","guid":{"rendered":"https:\/\/www.auditia.ma\/?page_id=2275"},"modified":"2026-01-27T22:09:18","modified_gmt":"2026-01-27T21:09:18","slug":"legal-notice","status":"publish","type":"page","link":"https:\/\/www.auditia.ma\/en\/legal-notice\/","title":{"rendered":"Terms of use"},"content":{"rendered":"<table>\n<tbody>\n<tr>\n<td>Company name<\/td>\n<td>AUDITIA MAROC SARL AU<\/td>\n<\/tr>\n<tr>\n<td>Legal status<\/td>\n<td>SARL AU<\/td>\n<\/tr>\n<tr>\n<td>Commercial register (RC)<\/td>\n<td>521797<\/td>\n<\/tr>\n<tr>\n<td>Head office<\/td>\n<td>113 Avenue Mers Sultan<\/td>\n<\/tr>\n<tr>\n<td>City<\/td>\n<td>Casablanca<\/td>\n<\/tr>\n<tr>\n<td>Country<\/td>\n<td>Morocco<\/td>\n<\/tr>\n<tr>\n<td>Phone<\/td>\n<td>05 2 27 41 81<\/td>\n<\/tr>\n<tr>\n<td>Website<\/td>\n<td><a href=\"https:\/\/www.auditia.ma\/en\/\">https:\/\/www.auditia.ma\/<\/a><\/td>\n<\/tr>\n<tr>\n<td>E-mail<\/td>\n<td><a href=\"mailto:contact@auditia.ma\"><span class=\"elementor-icon-list-text\">contact@auditia.ma<\/span><\/a><\/td>\n<\/tr>\n<tr>\n<td>Num ICE<\/td>\n<td>\n<div class=\"page\" title=\"Page 1\">\n<div class=\"section\">\n<div class=\"layoutArea\">\n<div class=\"column\">\n<p><a href=\"https:\/\/www.telecontact.ma\/trouver\/index.php?nxo=ice_moteur&amp;nxs=process&amp;recherche=ice&amp;ice=002927522000072\"><span class=\"\">002927522000072<\/span><\/a><\/p>\n<\/div>\n<\/div>\n<\/div>\n<\/div>\n<\/td>\n<\/tr>\n<\/tbody>\n<\/table>","protected":false},"excerpt":{"rendered":"<p>Company name AUDITIA MAROC SARL AU Legal status SARL AU Trade register (RC) 521797 Registered office 113 Avenue Mers Sultan City Casablanca Country Morocco Telephone 05 2 27 41 81 Website https:\/\/www.auditia.ma\/ E-mail contact@auditia.ma Num ICE 002927522000072<\/p>","protected":false},"author":1,"featured_media":0,"parent":0,"menu_order":0,"comment_status":"closed","ping_status":"closed","template":"","meta":{"footnotes":""},"class_list":["post-2275","page","type-page","status-publish","hentry"],"yoast_head":"<!-- This site is optimized with the Yoast SEO plugin v27.0 - https:\/\/yoast.com\/product\/yoast-seo-wordpress\/ -->\n<title>Mentions L\u00e9gales - Auditia<\/title>\n<meta name=\"robots\" content=\"index, follow, max-snippet:-1, max-image-preview:large, max-video-preview:-1\" \/>\n<link rel=\"canonical\" href=\"https:\/\/www.auditia.ma\/en\/legal-notice\/\" \/>\n<meta property=\"og:locale\" content=\"en_US\" \/>\n<meta property=\"og:type\" content=\"article\" \/>\n<meta property=\"og:title\" content=\"Mentions L\u00e9gales - Auditia\" \/>\n<meta property=\"og:description\" content=\"Raison sociale AUDITIA MAROC SARL AU Statut juridique SARL AU Registre de commerce (RC) 521797 Si\u00e8ge social 113 Avenue Mers Sultan Ville Casablanca Pays Maroc T\u00e9l\u00e9phone 05 2 27 41 81 Site web https:\/\/www.auditia.ma\/ E-mail contact@auditia.ma Num ICE 002927522000072\" \/>\n<meta property=\"og:url\" content=\"https:\/\/www.auditia.ma\/en\/legal-notice\/\" \/>\n<meta property=\"og:site_name\" content=\"Auditia\" \/>\n<meta name=\"twitter:card\" content=\"summary_large_image\" \/>\n<meta name=\"twitter:label1\" content=\"Est. reading time\" \/>\n\t<meta name=\"twitter:data1\" content=\"1 minute\" \/>\n<script type=\"application\/ld+json\" class=\"yoast-schema-graph\">{\"@context\":\"https:\/\/schema.org\",\"@graph\":[{\"@type\":\"WebPage\",\"@id\":\"https:\/\/www.auditia.ma\/mentions-legales\/\",\"url\":\"https:\/\/www.auditia.ma\/mentions-legales\/\",\"name\":\"Mentions L\u00e9gales - Auditia\",\"isPartOf\":{\"@id\":\"https:\/\/www.auditia.ma\/#website\"},\"datePublished\":\"2026-01-27T21:09:18+00:00\",\"breadcrumb\":{\"@id\":\"https:\/\/www.auditia.ma\/mentions-legales\/#breadcrumb\"},\"inLanguage\":\"en-US\",\"potentialAction\":[{\"@type\":\"ReadAction\",\"target\":[\"https:\/\/www.auditia.ma\/mentions-legales\/\"]}]},{\"@type\":\"BreadcrumbList\",\"@id\":\"https:\/\/www.auditia.ma\/mentions-legales\/#breadcrumb\",\"itemListElement\":[{\"@type\":\"ListItem\",\"position\":1,\"name\":\"Accueil\",\"item\":\"https:\/\/www.auditia.ma\/\"},{\"@type\":\"ListItem\",\"position\":2,\"name\":\"Mentions L\u00e9gales\"}]},{\"@type\":\"WebSite\",\"@id\":\"https:\/\/www.auditia.ma\/#website\",\"url\":\"https:\/\/www.auditia.ma\/\",\"name\":\"Auditia\",\"description\":\"\",\"publisher\":{\"@id\":\"https:\/\/www.auditia.ma\/#organization\"},\"potentialAction\":[{\"@type\":\"SearchAction\",\"target\":{\"@type\":\"EntryPoint\",\"urlTemplate\":\"https:\/\/www.auditia.ma\/?s={search_term_string}\"},\"query-input\":{\"@type\":\"PropertyValueSpecification\",\"valueRequired\":true,\"valueName\":\"search_term_string\"}}],\"inLanguage\":\"en-US\"},{\"@type\":\"Organization\",\"@id\":\"https:\/\/www.auditia.ma\/#organization\",\"name\":\"Auditia\",\"url\":\"https:\/\/www.auditia.ma\/\",\"logo\":{\"@type\":\"ImageObject\",\"inLanguage\":\"en-US\",\"@id\":\"https:\/\/www.auditia.ma\/#\/schema\/logo\/image\/\",\"url\":\"https:\/\/www.auditia.ma\/wp-content\/uploads\/2025\/10\/Vector.png\",\"contentUrl\":\"https:\/\/www.auditia.ma\/wp-content\/uploads\/2025\/10\/Vector.png\",\"width\":316,\"height\":96,\"caption\":\"Auditia\"},\"image\":{\"@id\":\"https:\/\/www.auditia.ma\/#\/schema\/logo\/image\/\"}}]}<\/script>\n<!-- \/ Yoast SEO plugin. -->","yoast_head_json":{"title":"Legal Notice - Auditia","robots":{"index":"index","follow":"follow","max-snippet":"max-snippet:-1","max-image-preview":"max-image-preview:large","max-video-preview":"max-video-preview:-1"},"canonical":"https:\/\/www.auditia.ma\/en\/legal-notice\/","og_locale":"en_US","og_type":"article","og_title":"Mentions L\u00e9gales - Auditia","og_description":"Raison sociale AUDITIA MAROC SARL AU Statut juridique SARL AU Registre de commerce (RC) 521797 Si\u00e8ge social 113 Avenue Mers Sultan Ville Casablanca Pays Maroc T\u00e9l\u00e9phone 05 2 27 41 81 Site web https:\/\/www.auditia.ma\/ E-mail contact@auditia.ma Num ICE 002927522000072","og_url":"https:\/\/www.auditia.ma\/en\/legal-notice\/","og_site_name":"Auditia","twitter_card":"summary_large_image","twitter_misc":{"Est. reading time":"1 minute"},"schema":{"@context":"https:\/\/schema.org","@graph":[{"@type":"WebPage","@id":"https:\/\/www.auditia.ma\/mentions-legales\/","url":"https:\/\/www.auditia.ma\/mentions-legales\/","name":"Legal Notice - Auditia","isPartOf":{"@id":"https:\/\/www.auditia.ma\/#website"},"datePublished":"2026-01-27T21:09:18+00:00","breadcrumb":{"@id":"https:\/\/www.auditia.ma\/mentions-legales\/#breadcrumb"},"inLanguage":"en-US","potentialAction":[{"@type":"ReadAction","target":["https:\/\/www.auditia.ma\/mentions-legales\/"]}]},{"@type":"BreadcrumbList","@id":"https:\/\/www.auditia.ma\/mentions-legales\/#breadcrumb","itemListElement":[{"@type":"ListItem","position":1,"name":"Accueil","item":"https:\/\/www.auditia.ma\/"},{"@type":"ListItem","position":2,"name":"Mentions L\u00e9gales"}]},{"@type":"WebSite","@id":"https:\/\/www.auditia.ma\/#website","url":"https:\/\/www.auditia.ma\/","name":"Auditia","description":"","publisher":{"@id":"https:\/\/www.auditia.ma\/#organization"},"potentialAction":[{"@type":"SearchAction","target":{"@type":"EntryPoint","urlTemplate":"https:\/\/www.auditia.ma\/?s={search_term_string}"},"query-input":{"@type":"PropertyValueSpecification","valueRequired":true,"valueName":"search_term_string"}}],"inLanguage":"en-US"},{"@type":"Organization","@id":"https:\/\/www.auditia.ma\/#organization","name":"Auditia","url":"https:\/\/www.auditia.ma\/","logo":{"@type":"ImageObject","inLanguage":"en-US","@id":"https:\/\/www.auditia.ma\/#\/schema\/logo\/image\/","url":"https:\/\/www.auditia.ma\/wp-content\/uploads\/2025\/10\/Vector.png","contentUrl":"https:\/\/www.auditia.ma\/wp-content\/uploads\/2025\/10\/Vector.png","width":316,"height":96,"caption":"Auditia"},"image":{"@id":"https:\/\/www.auditia.ma\/#\/schema\/logo\/image\/"}}]}},"_links":{"self":[{"href":"https:\/\/www.auditia.ma\/en\/wp-json\/wp\/v2\/pages\/2275","targetHints":{"allow":["GET"]}}],"collection":[{"href":"https:\/\/www.auditia.ma\/en\/wp-json\/wp\/v2\/pages"}],"about":[{"href":"https:\/\/www.auditia.ma\/en\/wp-json\/wp\/v2\/types\/page"}],"author":[{"embeddable":true,"href":"https:\/\/www.auditia.ma\/en\/wp-json\/wp\/v2\/users\/1"}],"replies":[{"embeddable":true,"href":"https:\/\/www.auditia.ma\/en\/wp-json\/wp\/v2\/comments?post=2275"}],"version-history":[{"count":1,"href":"https:\/\/www.auditia.ma\/en\/wp-json\/wp\/v2\/pages\/2275\/revisions"}],"predecessor-version":[{"id":2277,"href":"https:\/\/www.auditia.ma\/en\/wp-json\/wp\/v2\/pages\/2275\/revisions\/2277"}],"wp:attachment":[{"href":"https:\/\/www.auditia.ma\/en\/wp-json\/wp\/v2\/media?parent=2275"}],"curies":[{"name":"wp","href":"https:\/\/api.w.org\/{rel}","templated":true}]}}