{"id":2276,"date":"2026-01-27T22:10:14","date_gmt":"2026-01-27T21:10:14","guid":{"rendered":"https:\/\/www.auditia.ma\/?page_id=2276"},"modified":"2026-01-27T22:10:14","modified_gmt":"2026-01-27T21:10:14","slug":"privacy-policy","status":"publish","type":"page","link":"https:\/\/www.auditia.ma\/en\/privacy-policy\/","title":{"rendered":"PRIVACY POLICY"},"content":{"rendered":"<p><strong>Privacy and personal data protection policy<\/strong><\/p>\n<p>&nbsp;<\/p>\n<p><strong>AUDITIA MOROCCO<\/strong>, an accounting firm, is a limited liability company under Moroccan law whose head office is located in Morocco, 113 avenue mers sultan Casablanca<\/p>\n<p><strong>AUDITIA MOROCCO <\/strong>has created this privacy and personal data protection policy (\u201cPrivacy Policy\u201d), in order to communicate its policy and practices regarding the collection, use and disclosure of information about you, which will have been obtained on the application <strong>AUDITIA MOROCCO.<\/strong><\/p>\n<p>In case <strong>AUDITIA MOROCCO<\/strong> decides to modify its confidentiality policy, it undertakes to communicate to you the new version of its Confidentiality Policy while remaining compliant with the provisions in force.<\/p>\n<p>If you decide to use our services, you agree that <strong>AUDITIA MOROCCO<\/strong> collects and uses information about you, including personal information, under the conditions defined in this Confidentiality Policy.<\/p>\n<p><strong>Information collected<\/strong><\/p>\n<p>You cannot use the application without providing your personal data. You will therefore be required to provide certain information, including your first and last name, telephone number, and email address.<\/p>\n<p>This information is collected when subscribing to the services <strong>AUDITIA MOROCCO<\/strong>. The primary objective of <strong>AUDITIA MOROCCO<\/strong> by collecting personal information about you is to provide you with a safe, smooth experience of our services. We only collect personal information about you that we consider necessary to achieve this purpose.<\/p>\n<p>You are invited to provide your personal contact and identity information when you wish to contact our firm.<\/p>\n<p>&nbsp;<\/p>\n<p><strong>Use of your personal data <\/strong><\/p>\n<p>The information collected on our application will be processed by AUDITIA MAROC as data controller, and will be used primarily to make your experience using our services as pleasant as possible.<\/p>\n<p>To do this, we will send you messages by email or notifications aimed at:<\/p>\n<ul>\n<li>Offer you complementary offers to our services<\/li>\n<li>Communicate our newsletter to you<\/li>\n<li>Share best practices with you in a particular area relating to entrepreneurship<\/li>\n<li>Alert you about your professional activity<\/li>\n<\/ul>\n<p>AUDITIA MAROC also guarantees compliance with the retention period of this data which is limited to one year from the expiration date of the subscription. AUDITIA MAROC prohibits the communication of your personal data to third parties, except for the purposes of storing this data.<\/p>\n<p><strong>Protection of personal data<\/strong><\/p>\n<p>As part of these conditions of use, we will be required to collect personal data which is necessary for the operation of the application. <strong>AUDITIA MOROCCO<\/strong> and which are used exclusively for this purpose.<\/p>\n<p><strong>AUDITIA MOROCCO<\/strong> guarantees compliance with the law relating to the protection of individuals with regard to the processing of personal data.<\/p>\n<p><strong>AUDITIA MAROC has obtained authorization from the National Commission for the Control of the Protection of Personal Data (CNDP) for the processing of personal data<\/strong>, and in accordance with the provisions of Law No. 09-08 relating to the protection of individuals with regard to the processing of personal data<\/p>\n<p>The references of the authorization obtained are presented below:<\/p>\n<ul>\n<li><strong>CNDP authorization number<\/strong> : <strong>A-GC-264\/2022<\/strong><\/li>\n<li><strong>CNDP decision<\/strong> : no. <strong>679-2024<\/strong> of <strong>16\/11\/2024<\/strong><\/li>\n<\/ul>\n<p>The data is protected in our servers and servers of our local Cloud hosting providers and is only accessible by authorized third parties who are aware of their legal obligations regarding the protection of personal data.<\/p>\n<p>We have of course ensured that our Cloud hosting providers are subject to the same legal obligations regarding the protection of personal data.<\/p>\n<p><strong>Cookie information<\/strong><\/p>\n<p><strong>AUDITIA MOROCCO<\/strong> reserves the right to use cookies or similar systems on the application to facilitate navigation, personalize and improve the information that appears there, control its use and for statistical and security purposes (in particular: the IP address, the type of Internet browser and the operating system used and\/or the pages of the website visited).<\/p>\n<p><strong>Privacy and Security <\/strong><\/p>\n<p>All personal data collected through the AUDITIA MAROC application is strictly confidential and will only be accessible to authorized persons at AUDITIA MAROC or its partners acting on its behalf and under its responsibility.<\/p>\n<p>AUDITIA MAROC has implemented security measures to protect the personal information you provide to us, in particular against unauthorized access and use.<\/p>\n<p><strong>Security of personal data <\/strong><\/p>\n<p>In order to guarantee the secrecy, security and confidentiality of data, AUDITIA MAROC undertakes to:<\/p>\n<ul>\n<li>Take all necessary precautions to preserve the security of the data, in particular preventing it from being distorted, damaged and preventing any access that is not previously authorized by the Client;<\/li>\n<li>Process data only within the framework of the instructions and authorization received from the Client;<\/li>\n<li>Process information only entirely and exclusively within the framework of this contract;<\/li>\n<li>Ensure the lawfulness of the processing carried out within the framework of the mission entrusted;<\/li>\n<li>Do not use the services of a subcontractor, unless the latter is previously and expressly authorized by the Client and acts under its responsibility and the control of the service provider, within the framework of a contract subject to prior validation by the Client and ensuring compliance with the obligations subscribed to by the service provider;<\/li>\n<li>Respect its obligation of secrecy, security and confidentiality, during any maintenance and remote maintenance operation, carried out within the premises of the service provider or any company involved in the processing;<\/li>\n<li>Take all security measures, particularly material and logistical, to ensure the conservation and integrity of the data processed;<\/li>\n<li>Take all measures to prevent any misappropriation, malicious or fraudulent use of the data processed;<\/li>\n<li>Proceed, at the end of the contract, to the destruction of data, computerized or manual files, appearing on any medium.<\/li>\n<\/ul>\n<p>Moreover, <strong>AUDITIA MOROCCO<\/strong> is prohibited:<\/p>\n<ul>\n<li>To disclose, in any form whatsoever, all or part of the information contained in computerized or manual files, or appearing on any medium transmitted by the Client or concerning information collected during the execution of this contract;<\/li>\n<li>To use the media or documents entrusted to it, by any means or purpose whatsoever, on its own behalf or on behalf of third parties, for professional, personal or private purposes other than those defined in this contract, all or part of the information contained on said media or collected by it during the execution of this contract;<\/li>\n<li>to take a copy or store, whatever the form and purpose, all or part of the information contained on the media or documents which have been entrusted to it or collected by it during the execution of this contract.<\/li>\n<\/ul>\n<p>&nbsp;<\/p>\n<p>Finally,<strong> AUDITIA MOROCCO<\/strong> undertakes:<\/p>\n<ul>\n<li>At the Client's request, to provide proof that it has the organizational, technical and financial means to guarantee compliance and effectiveness of the obligation of secrecy, confidentiality and security resulting from the contract;<\/li>\n<li>To cooperate with the Client in all circumstances involving the obligation of secrecy, confidentiality and security;<\/li>\n<li>To allow the completion by the Client or any person mandated by the latter and provided that the auditors are not direct competitors of the service provider, of any verification that appears useful to it of the execution of the obligations by the service provider. The service provider undertakes to cooperate in good faith and without reservation with the auditors once it is notified of the completion of an audit;<\/li>\n<li>To implement at its own expense and without delay all corrective measures highlighted in the verification report.<\/li>\n<\/ul>\n<p>&nbsp;<\/p>\n<p><strong>AUDITIA MOROCCO<\/strong> recognizes:<\/p>\n<ul>\n<li>That in the event of non-compliance with the obligations undertaken within the framework of this contract, liability may be incurred criminally;<\/li>\n<li>That he may be held liable to the Client for damage caused as a result of a failure to fulfill the obligations resulting from this contract, as well as for the payment of compensation for the damage suffered;<\/li>\n<li>That the Client may pronounce the immediate termination of the service provision contract, without compensation in favor of the service provider, in the event of non-compliance with secrecy, confidentiality and data security.<\/li>\n<\/ul>\n<p><strong>\u00a0<\/strong><\/p>\n<p><strong>Your rights regarding your personal data <\/strong><\/p>\n<p>In accordance with Moroccan law n\u00b009-08 relating to the protection of individuals with regard to the processing of personal data, you have a right of access, rectification and opposition concerning your personal data.<\/p>\n<p>To exercise this right, you can contact AUDITIA MAROC at any time, by contacting our information service (see the \u201cContact Us\u201d section below). You also have the possibility of submitting a complaint to the personal data protection supervisory authority. If necessary, you must ensure that you provide AUDITIA MAROC with updates or changes to the information concerning you, including in particular that relating to your postal and\/or electronic address in order to enable us to send any requested information documents (for example: newsletter) to the correct address and to contact you about this if necessary.<\/p>\n<p><strong>Responsibility<\/strong><\/p>\n<p>AUDITIA MAROC strives to ensure the accuracy and updating of the information published on the site. However, AUDITIA MAROC cannot be held responsible for errors or omissions, nor for direct or indirect damage that may result from access to or use of the site.<\/p>\n<p>&nbsp;<\/p>\n<p><strong>Taking effect<\/strong><\/p>\n<p>This privacy policy takes effect on the date of the initial subscription to the services of the AUDITIA MAROC application.<\/p>\n<p><strong>Contact us <\/strong><\/p>\n<p>If you have any questions about the Privacy Policy or for any other request regarding the protection of personal data, you can contact our information service by post or email.<\/p>\n<p>AUDITIA MOROCCO<\/p>\n<p>113, avenue Mers sultan, Casablanca<\/p>\n<p><a href=\"mailto:contact@auditia.ma\">contact@auditia.ma<\/a><\/p>\n<p>&nbsp;<\/p>","protected":false},"excerpt":{"rendered":"<p>Confidentiality and personal data protection policy AUDITIA MAROC, an accounting firm, is a limited liability company under Moroccan law whose head office is located in Morocco, 113 avenue mers sultan Casablanca AUDITIA MAROC has created this confidentiality and personal data protection policy (\u201cPrivacy Policy\u201d), in order to [\u2026]<\/p>","protected":false},"author":1,"featured_media":0,"parent":0,"menu_order":0,"comment_status":"closed","ping_status":"closed","template":"","meta":{"footnotes":""},"class_list":["post-2276","page","type-page","status-publish","hentry"],"yoast_head":"<!-- This site is optimized with the Yoast SEO plugin v27.0 - https:\/\/yoast.com\/product\/yoast-seo-wordpress\/ -->\n<title>POLITIQUE DE CONFIDENTIALITE - Auditia<\/title>\n<meta name=\"robots\" content=\"index, follow, max-snippet:-1, max-image-preview:large, max-video-preview:-1\" \/>\n<link rel=\"canonical\" href=\"https:\/\/www.auditia.ma\/en\/privacy-policy\/\" \/>\n<meta property=\"og:locale\" content=\"en_US\" \/>\n<meta property=\"og:type\" content=\"article\" \/>\n<meta property=\"og:title\" content=\"POLITIQUE DE CONFIDENTIALITE - Auditia\" \/>\n<meta property=\"og:description\" content=\"Politique de confidentialit\u00e9 et de protection des donn\u00e9es personnelles &nbsp; AUDITIA MAROC, cabinet d\u2019expertise comptable, est une soci\u00e9t\u00e9 \u00e0 responsabilit\u00e9 limit\u00e9e de droit marocain dont le si\u00e8ge est sis au Maroc, 113 avenue mers sultan Casablanca AUDITIA MAROC a cr\u00e9\u00e9 cette politique de confidentialit\u00e9 et de protection des donn\u00e9es personnelles (\u00ab\u00a0Politique de Confidentialit\u00e9\u00a0\u00bb), afin de [&hellip;]\" \/>\n<meta property=\"og:url\" content=\"https:\/\/www.auditia.ma\/en\/privacy-policy\/\" \/>\n<meta property=\"og:site_name\" content=\"Auditia\" \/>\n<meta name=\"twitter:card\" content=\"summary_large_image\" \/>\n<meta name=\"twitter:label1\" content=\"Est. reading time\" \/>\n\t<meta name=\"twitter:data1\" content=\"9 minutes\" \/>\n<script type=\"application\/ld+json\" class=\"yoast-schema-graph\">{\"@context\":\"https:\/\/schema.org\",\"@graph\":[{\"@type\":\"WebPage\",\"@id\":\"https:\/\/www.auditia.ma\/politique-de-confidentialite\/\",\"url\":\"https:\/\/www.auditia.ma\/politique-de-confidentialite\/\",\"name\":\"POLITIQUE DE CONFIDENTIALITE - Auditia\",\"isPartOf\":{\"@id\":\"https:\/\/www.auditia.ma\/#website\"},\"datePublished\":\"2026-01-27T21:10:14+00:00\",\"breadcrumb\":{\"@id\":\"https:\/\/www.auditia.ma\/politique-de-confidentialite\/#breadcrumb\"},\"inLanguage\":\"en-US\",\"potentialAction\":[{\"@type\":\"ReadAction\",\"target\":[\"https:\/\/www.auditia.ma\/politique-de-confidentialite\/\"]}]},{\"@type\":\"BreadcrumbList\",\"@id\":\"https:\/\/www.auditia.ma\/politique-de-confidentialite\/#breadcrumb\",\"itemListElement\":[{\"@type\":\"ListItem\",\"position\":1,\"name\":\"Accueil\",\"item\":\"https:\/\/www.auditia.ma\/\"},{\"@type\":\"ListItem\",\"position\":2,\"name\":\"POLITIQUE DE CONFIDENTIALITE\"}]},{\"@type\":\"WebSite\",\"@id\":\"https:\/\/www.auditia.ma\/#website\",\"url\":\"https:\/\/www.auditia.ma\/\",\"name\":\"Auditia\",\"description\":\"\",\"publisher\":{\"@id\":\"https:\/\/www.auditia.ma\/#organization\"},\"potentialAction\":[{\"@type\":\"SearchAction\",\"target\":{\"@type\":\"EntryPoint\",\"urlTemplate\":\"https:\/\/www.auditia.ma\/?s={search_term_string}\"},\"query-input\":{\"@type\":\"PropertyValueSpecification\",\"valueRequired\":true,\"valueName\":\"search_term_string\"}}],\"inLanguage\":\"en-US\"},{\"@type\":\"Organization\",\"@id\":\"https:\/\/www.auditia.ma\/#organization\",\"name\":\"Auditia\",\"url\":\"https:\/\/www.auditia.ma\/\",\"logo\":{\"@type\":\"ImageObject\",\"inLanguage\":\"en-US\",\"@id\":\"https:\/\/www.auditia.ma\/#\/schema\/logo\/image\/\",\"url\":\"https:\/\/www.auditia.ma\/wp-content\/uploads\/2025\/10\/Vector.png\",\"contentUrl\":\"https:\/\/www.auditia.ma\/wp-content\/uploads\/2025\/10\/Vector.png\",\"width\":316,\"height\":96,\"caption\":\"Auditia\"},\"image\":{\"@id\":\"https:\/\/www.auditia.ma\/#\/schema\/logo\/image\/\"}}]}<\/script>\n<!-- \/ Yoast SEO plugin. -->","yoast_head_json":{"title":"PRIVACY POLICY - Auditia","robots":{"index":"index","follow":"follow","max-snippet":"max-snippet:-1","max-image-preview":"max-image-preview:large","max-video-preview":"max-video-preview:-1"},"canonical":"https:\/\/www.auditia.ma\/en\/privacy-policy\/","og_locale":"en_US","og_type":"article","og_title":"POLITIQUE DE CONFIDENTIALITE - Auditia","og_description":"Politique de confidentialit\u00e9 et de protection des donn\u00e9es personnelles &nbsp; AUDITIA MAROC, cabinet d\u2019expertise comptable, est une soci\u00e9t\u00e9 \u00e0 responsabilit\u00e9 limit\u00e9e de droit marocain dont le si\u00e8ge est sis au Maroc, 113 avenue mers sultan Casablanca AUDITIA MAROC a cr\u00e9\u00e9 cette politique de confidentialit\u00e9 et de protection des donn\u00e9es personnelles (\u00ab\u00a0Politique de Confidentialit\u00e9\u00a0\u00bb), afin de [&hellip;]","og_url":"https:\/\/www.auditia.ma\/en\/privacy-policy\/","og_site_name":"Auditia","twitter_card":"summary_large_image","twitter_misc":{"Est. reading time":"9 minutes"},"schema":{"@context":"https:\/\/schema.org","@graph":[{"@type":"WebPage","@id":"https:\/\/www.auditia.ma\/politique-de-confidentialite\/","url":"https:\/\/www.auditia.ma\/politique-de-confidentialite\/","name":"PRIVACY POLICY - Auditia","isPartOf":{"@id":"https:\/\/www.auditia.ma\/#website"},"datePublished":"2026-01-27T21:10:14+00:00","breadcrumb":{"@id":"https:\/\/www.auditia.ma\/politique-de-confidentialite\/#breadcrumb"},"inLanguage":"en-US","potentialAction":[{"@type":"ReadAction","target":["https:\/\/www.auditia.ma\/politique-de-confidentialite\/"]}]},{"@type":"BreadcrumbList","@id":"https:\/\/www.auditia.ma\/politique-de-confidentialite\/#breadcrumb","itemListElement":[{"@type":"ListItem","position":1,"name":"Accueil","item":"https:\/\/www.auditia.ma\/"},{"@type":"ListItem","position":2,"name":"POLITIQUE DE CONFIDENTIALITE"}]},{"@type":"WebSite","@id":"https:\/\/www.auditia.ma\/#website","url":"https:\/\/www.auditia.ma\/","name":"Auditia","description":"","publisher":{"@id":"https:\/\/www.auditia.ma\/#organization"},"potentialAction":[{"@type":"SearchAction","target":{"@type":"EntryPoint","urlTemplate":"https:\/\/www.auditia.ma\/?s={search_term_string}"},"query-input":{"@type":"PropertyValueSpecification","valueRequired":true,"valueName":"search_term_string"}}],"inLanguage":"en-US"},{"@type":"Organization","@id":"https:\/\/www.auditia.ma\/#organization","name":"Auditia","url":"https:\/\/www.auditia.ma\/","logo":{"@type":"ImageObject","inLanguage":"en-US","@id":"https:\/\/www.auditia.ma\/#\/schema\/logo\/image\/","url":"https:\/\/www.auditia.ma\/wp-content\/uploads\/2025\/10\/Vector.png","contentUrl":"https:\/\/www.auditia.ma\/wp-content\/uploads\/2025\/10\/Vector.png","width":316,"height":96,"caption":"Auditia"},"image":{"@id":"https:\/\/www.auditia.ma\/#\/schema\/logo\/image\/"}}]}},"_links":{"self":[{"href":"https:\/\/www.auditia.ma\/en\/wp-json\/wp\/v2\/pages\/2276","targetHints":{"allow":["GET"]}}],"collection":[{"href":"https:\/\/www.auditia.ma\/en\/wp-json\/wp\/v2\/pages"}],"about":[{"href":"https:\/\/www.auditia.ma\/en\/wp-json\/wp\/v2\/types\/page"}],"author":[{"embeddable":true,"href":"https:\/\/www.auditia.ma\/en\/wp-json\/wp\/v2\/users\/1"}],"replies":[{"embeddable":true,"href":"https:\/\/www.auditia.ma\/en\/wp-json\/wp\/v2\/comments?post=2276"}],"version-history":[{"count":1,"href":"https:\/\/www.auditia.ma\/en\/wp-json\/wp\/v2\/pages\/2276\/revisions"}],"predecessor-version":[{"id":2278,"href":"https:\/\/www.auditia.ma\/en\/wp-json\/wp\/v2\/pages\/2276\/revisions\/2278"}],"wp:attachment":[{"href":"https:\/\/www.auditia.ma\/en\/wp-json\/wp\/v2\/media?parent=2276"}],"curies":[{"name":"wp","href":"https:\/\/api.w.org\/{rel}","templated":true}]}}